{"id":35,"date":"2026-05-01T06:54:09","date_gmt":"2026-05-01T04:54:09","guid":{"rendered":"https:\/\/kanvas.duckdns.org\/?post_type=product&#038;p=35"},"modified":"2026-05-01T15:37:23","modified_gmt":"2026-05-01T13:37:23","slug":"audifonos-l1","status":"publish","type":"product","link":"https:\/\/kanvas.duckdns.org\/index.php\/producto\/audifonos-l1\/","title":{"rendered":"Audifonos L1"},"content":{"rendered":"<div data-bfc=\"\" class=\"\" data-ved=\"2ahUKEwiJ2bLqpZeUAxVvD1kFHeViBk0Qi4wTegQIBBAA\" data-processed=\"true\" data-copy-service-computed-style=\"font-family: Google Sans, Arial, sans-serif; font-size: 16px; font-weight: 400; margin: 0px; text-decoration: none; border-bottom: 0px rgb(10, 10, 10);\" style=\"font-family: Google Sans, Arial, sans-serif;font-size: 16px;font-weight: 400;margin: 0px;text-decoration: none\">\n<div class=\"n6owBd awi2gc\" data-sfc-cp=\"\" data-sfc-root=\"c\" data-sfc-cb=\"\" data-hveid=\"CAQQAQ\" data-processed=\"true\" data-copy-service-computed-style=\"font-family: Google Sans, Arial, sans-serif; font-size: 16px; font-weight: 400; margin: 12px 0px 16px; text-decoration: none; border-bottom: 0px rgb(10, 10, 10);\" style=\"font-family: Google Sans, Arial, sans-serif;font-size: 16px;font-weight: 400;margin: 12px 0px 16px;text-decoration: none\"><strong class=\"Yjhzub\" data-sfc-root=\"c\" data-sfc-cb=\"\" data-processed=\"true\" data-copy-service-computed-style=\"font-family: Google Sans, Arial, sans-serif; font-size: 16px; font-weight: 600; margin: 0px; text-decoration: none; border-bottom: 0px rgb(10, 10, 10);\" style=\"font-family: Google Sans, Arial, sans-serif;font-size: 16px;font-weight: 600;margin: 0px;text-decoration: none\">Vuelve a lo Esencial: Sonido Puro, Sin Interrupciones<\/strong><\/div>\n<\/div>\n<div data-bfc=\"\" class=\"\" data-ved=\"2ahUKEwiJ2bLqpZeUAxVvD1kFHeViBk0Qi4wTegQIBRAA\" data-processed=\"true\" data-copy-service-computed-style=\"font-family: Google Sans, Arial, sans-serif; font-size: 16px; font-weight: 400; margin: 0px; text-decoration: none; border-bottom: 0px rgb(10, 10, 10);\" style=\"font-family: Google Sans, Arial, sans-serif;font-size: 16px;font-weight: 400;margin: 0px;text-decoration: none\">\n<div class=\"n6owBd awi2gc\" data-sfc-cp=\"\" data-sfc-root=\"c\" data-sfc-cb=\"\" data-hveid=\"CAUQAQ\" data-processed=\"true\" data-copy-service-computed-style=\"font-family: Google Sans, Arial, sans-serif; font-size: 16px; font-weight: 400; margin: 12px 0px 16px; text-decoration: none; border-bottom: 0px rgb(10, 10, 10);\" style=\"font-family: Google Sans, Arial, sans-serif;font-size: 16px;font-weight: 400;margin: 12px 0px 16px;text-decoration: none\">\u00bfCansado de que tus aud\u00edfonos inal\u00e1mbricos te dejen a mitad de tu canci\u00f3n favorita o de lidiar con latencia al ver videos? Es hora de regresar a la verdadera fidelidad. Presentamos los nuevos [Nombre del Modelo], los aud\u00edfonos cableados que redise\u00f1an tu experiencia auditiva.<\/div>\n<\/div>\n<div data-bfc=\"\" class=\"\" data-ved=\"2ahUKEwiJ2bLqpZeUAxVvD1kFHeViBk0Qi4wTegQIBhAA\" data-processed=\"true\" data-copy-service-computed-style=\"font-family: Google Sans, Arial, sans-serif; font-size: 16px; font-weight: 400; margin: 0px; text-decoration: none; border-bottom: 0px rgb(10, 10, 10);\" style=\"font-family: Google Sans, Arial, sans-serif;font-size: 16px;font-weight: 400;margin: 0px;text-decoration: none\">\n<div class=\"n6owBd awi2gc\" data-sfc-cp=\"\" data-sfc-root=\"c\" data-sfc-cb=\"\" data-hveid=\"CAYQAQ\" data-processed=\"true\" data-copy-service-computed-style=\"font-family: Google Sans, Arial, sans-serif; font-size: 16px; font-weight: 400; margin: 12px 0px 16px; text-decoration: none; border-bottom: 0px rgb(10, 10, 10);\" style=\"font-family: Google Sans, Arial, sans-serif;font-size: 16px;font-weight: 400;margin: 12px 0px 16px;text-decoration: none\">Dise\u00f1ados para los verdaderos amantes de la m\u00fasica, estos aud\u00edfonos in-ear ofrecen una transmisi\u00f3n de audio directa, libre de compresi\u00f3n y con una latencia cero. Conecta el jack de 3.5mm (o tu adaptador) y sum\u00e9rgete en un sonido de alta resoluci\u00f3n, rico en graves profundos y agudos n\u00edtidos que la tecnolog\u00eda Bluetooth simplemente no puede igualar al mismo precio.<\/div>\n<\/div>\n<div data-bfc=\"\" class=\"\" data-ved=\"2ahUKEwiJ2bLqpZeUAxVvD1kFHeViBk0Qi4wTegQIBxAA\" data-processed=\"true\" data-copy-service-computed-style=\"font-family: Google Sans, Arial, sans-serif; font-size: 16px; font-weight: 400; margin: 0px; text-decoration: none; border-bottom: 0px rgb(10, 10, 10);\" style=\"font-family: Google Sans, Arial, sans-serif;font-size: 16px;font-weight: 400;margin: 0px;text-decoration: none\">\n<div class=\"n6owBd awi2gc\" data-sfc-cp=\"\" data-sfc-root=\"c\" data-sfc-cb=\"\" data-hveid=\"CAcQAQ\" data-processed=\"true\" data-copy-service-computed-style=\"font-family: Google Sans, Arial, sans-serif; font-size: 16px; font-weight: 400; margin: 12px 0px 16px; text-decoration: none; border-bottom: 0px rgb(10, 10, 10);\" style=\"font-family: Google Sans, Arial, sans-serif;font-size: 16px;font-weight: 400;margin: 12px 0px 16px;text-decoration: none\">Su dise\u00f1o de chupones de silicona premium no solo es suave al tacto, sino que crea un sellado perfecto dentro del canal auditivo, ofreciendo una cancelaci\u00f3n de ruido pasiva superior para que solo escuches tu m\u00fasica, no el ruido del metro o la calle&#8230;<\/div>\n<\/div>\n<div data-bfc=\"\" class=\"\" data-ved=\"2ahUKEwiJ2bLqpZeUAxVvD1kFHeViBk0Qi4wTegQICBAA\" data-processed=\"true\" data-copy-service-computed-style=\"font-family: Google Sans, Arial, sans-serif; font-size: 16px; font-weight: 400; margin: 0px; text-decoration: none; border-bottom: 0px rgb(10, 10, 10);\" style=\"font-family: Google Sans, Arial, sans-serif;font-size: 16px;font-weight: 400;margin: 0px;text-decoration: none\">\n<div class=\"n6owBd awi2gc\" data-sfc-cp=\"\" data-sfc-root=\"c\" data-sfc-cb=\"\" data-hveid=\"CAgQAQ\" data-processed=\"true\" data-copy-service-computed-style=\"font-family: Google Sans, Arial, sans-serif; font-size: 16px; font-weight: 400; margin: 12px 0px 16px; text-decoration: none; border-bottom: 0px rgb(10, 10, 10);\" style=\"font-family: Google Sans, Arial, sans-serif;font-size: 16px;font-weight: 400;margin: 12px 0px 16px;text-decoration: none\"><strong class=\"Yjhzub\" data-sfc-root=\"c\" data-sfc-cb=\"\" data-processed=\"true\" data-copy-service-computed-style=\"font-family: Google Sans, Arial, sans-serif; font-size: 16px; font-weight: 600; margin: 0px; text-decoration: none; border-bottom: 0px rgb(10, 10, 10);\" style=\"font-family: Google Sans, Arial, sans-serif;font-size: 16px;font-weight: 600;margin: 0px;text-decoration: none\">\u00bfPor qu\u00e9 elegirlos?<\/strong><\/div>\n<\/div>\n<div data-bfc=\"\" class=\"\" data-ved=\"2ahUKEwiJ2bLqpZeUAxVvD1kFHeViBk0Qi4wTegQICRAA\" data-processed=\"true\" data-copy-service-computed-style=\"font-family: Google Sans, Arial, sans-serif; font-size: 16px; font-weight: 400; margin: 0px; text-decoration: none; border-bottom: 0px rgb(10, 10, 10);\" style=\"font-family: Google Sans, Arial, sans-serif;font-size: 16px;font-weight: 400;margin: 0px;text-decoration: none\">\n<ul class=\"KsbFXc U6u95\" data-sfc-root=\"c\" data-sfc-cb=\"\" data-processed=\"true\" data-copy-service-computed-style=\"font-family: Google Sans, Arial, sans-serif; font-size: 16px; font-weight: 400; margin: 12px 0px 16px; text-decoration: none; border-bottom: 0px rgb(10, 10, 10);\" style=\"font-family: Google Sans, Arial, sans-serif;font-size: 16px;font-weight: 400;margin: 12px 0px 16px;text-decoration: none\">\n<li class=\"Z1qcYe\" data-sfc-cp=\"\" data-sfc-root=\"c\" data-sfc-cb=\"\" data-hveid=\"CAkQAQ\" data-processed=\"true\" data-copy-service-computed-style=\"font-family: Google Sans, Arial, sans-serif; font-size: 16px; font-weight: 400; margin: 0px 0px 12px; text-decoration: none; border-bottom: 0px rgb(10, 10, 10);\" style=\"font-family: Google Sans, Arial, sans-serif;font-size: 16px;font-weight: 400;margin: 0px 0px 12px;text-decoration: none\"><span class=\"T286Pc\" data-sfc-cp=\"\" data-sfc-root=\"c\" data-sfc-cb=\"\" data-processed=\"true\" data-copy-service-computed-style=\"font-family: Google Sans, Arial, sans-serif; font-size: 16px; font-weight: 400; margin: 0px; text-decoration: none; border-bottom: 0px rgb(10, 10, 10);\" style=\"font-family: Google Sans, Arial, sans-serif;font-size: 16px;font-weight: 400;margin: 0px;text-decoration: none\"><strong class=\"Yjhzub\" data-sfc-root=\"c\" data-sfc-cb=\"\" data-processed=\"true\" data-copy-service-computed-style=\"font-family: Google Sans, Arial, sans-serif; font-size: 16px; font-weight: 600; margin: 0px; text-decoration: none; border-bottom: 0px rgb(10, 10, 10);\" style=\"font-family: Google Sans, Arial, sans-serif;font-size: 16px;font-weight: 600;margin: 0px;text-decoration: none\">Adi\u00f3s a las cargas:<\/strong> Cero bater\u00edas, cero estr\u00e9s. Listos cuando t\u00fa lo est\u00e9s.<\/span><\/li>\n<li class=\"Z1qcYe\" data-sfc-cp=\"\" data-sfc-root=\"c\" data-sfc-cb=\"\" data-hveid=\"CAkQAg\" data-processed=\"true\" data-copy-service-computed-style=\"font-family: Google Sans, Arial, sans-serif; font-size: 16px; font-weight: 400; margin: 0px 0px 12px; text-decoration: none; border-bottom: 0px rgb(10, 10, 10);\" style=\"font-family: Google Sans, Arial, sans-serif;font-size: 16px;font-weight: 400;margin: 0px 0px 12px;text-decoration: none\"><span class=\"T286Pc\" data-sfc-cp=\"\" data-sfc-root=\"c\" data-sfc-cb=\"\" data-processed=\"true\" data-copy-service-computed-style=\"font-family: Google Sans, Arial, sans-serif; font-size: 16px; font-weight: 400; margin: 0px; text-decoration: none; border-bottom: 0px rgb(10, 10, 10);\" style=\"font-family: Google Sans, Arial, sans-serif;font-size: 16px;font-weight: 400;margin: 0px;text-decoration: none\"><strong class=\"Yjhzub\" data-sfc-root=\"c\" data-sfc-cb=\"\" data-processed=\"true\" data-copy-service-computed-style=\"font-family: Google Sans, Arial, sans-serif; font-size: 16px; font-weight: 600; margin: 0px; text-decoration: none; border-bottom: 0px rgb(10, 10, 10);\" style=\"font-family: Google Sans, Arial, sans-serif;font-size: 16px;font-weight: 600;margin: 0px;text-decoration: none\">Aislamiento total:<\/strong> Los chupones de silicona se ajustan c\u00f3modamente para bloquear el exterior.<\/span><\/li>\n<li class=\"Z1qcYe\" data-sfc-cp=\"\" data-sfc-root=\"c\" data-sfc-cb=\"\" data-hveid=\"CAkQAw\" data-processed=\"true\" data-copy-service-computed-style=\"font-family: Google Sans, Arial, sans-serif; font-size: 16px; font-weight: 400; margin: 0px 0px 12px; text-decoration: none; border-bottom: 0px rgb(10, 10, 10);\" style=\"font-family: Google Sans, Arial, sans-serif;font-size: 16px;font-weight: 400;margin: 0px 0px 12px;text-decoration: none\"><span class=\"T286Pc\" data-sfc-cp=\"\" data-sfc-root=\"c\" data-sfc-cb=\"\" data-processed=\"true\" data-copy-service-computed-style=\"font-family: Google Sans, Arial, sans-serif; font-size: 16px; font-weight: 400; margin: 0px; text-decoration: none; border-bottom: 0px rgb(10, 10, 10);\" style=\"font-family: Google Sans, Arial, sans-serif;font-size: 16px;font-weight: 400;margin: 0px;text-decoration: none\"><strong class=\"Yjhzub\" data-sfc-root=\"c\" data-sfc-cb=\"\" data-processed=\"true\" data-copy-service-computed-style=\"font-family: Google Sans, Arial, sans-serif; font-size: 16px; font-weight: 600; margin: 0px; text-decoration: none; border-bottom: 0px rgb(10, 10, 10);\" style=\"font-family: Google Sans, Arial, sans-serif;font-size: 16px;font-weight: 600;margin: 0px;text-decoration: none\">Conexi\u00f3n ininterrumpida:<\/strong> La estabilidad del cobre directo a tu dispositivo.<\/span><\/li>\n<\/ul>\n<\/div>\n","protected":false},"excerpt":{"rendered":"<p>\ud83c\udfa7 \u00a1Sum\u00e9rgete en tu m\u00fasica! Aud\u00edfonos de cable con almohadillas suaves para un aislamiento perfecto y bajos potentes. \ud83c\udfb5 Calidad sin interrupciones. \u00a1Pide los tuyos! \u2728<\/p>\n","protected":false},"featured_media":36,"comment_status":"closed","ping_status":"closed","template":"","meta":{"_uag_custom_page_level_css":""},"product_brand":[],"product_cat":[29],"product_tag":[],"class_list":{"0":"post-35","1":"product","2":"type-product","3":"status-publish","4":"has-post-thumbnail","6":"product_cat-audio","8":"first","9":"instock","10":"taxable","11":"shipping-taxable","12":"purchasable","13":"product-type-variable"},"uagb_featured_image_src":{"full":["https:\/\/kanvas.duckdns.org\/wp-content\/uploads\/2026\/05\/pexels-photo-11773870-11773870-scaled.jpg",2560,1707,false],"thumbnail":["https:\/\/kanvas.duckdns.org\/wp-content\/uploads\/2026\/05\/pexels-photo-11773870-11773870-scaled.jpg",150,100,false],"medium":["https:\/\/kanvas.duckdns.org\/wp-content\/uploads\/2026\/05\/pexels-photo-11773870-11773870-scaled.jpg",300,200,false],"medium_large":["https:\/\/kanvas.duckdns.org\/wp-content\/uploads\/2026\/05\/pexels-photo-11773870-11773870-scaled.jpg",768,512,false],"large":["https:\/\/kanvas.duckdns.org\/wp-content\/uploads\/2026\/05\/pexels-photo-11773870-11773870-scaled.jpg",1024,683,false],"1536x1536":["https:\/\/kanvas.duckdns.org\/wp-content\/uploads\/2026\/05\/pexels-photo-11773870-11773870-scaled.jpg",1536,1024,false],"2048x2048":["https:\/\/kanvas.duckdns.org\/wp-content\/uploads\/2026\/05\/pexels-photo-11773870-11773870-scaled.jpg",2048,1366,false],"woocommerce_thumbnail":["https:\/\/kanvas.duckdns.org\/wp-content\/uploads\/2026\/05\/pexels-photo-11773870-11773870-scaled-300x300.jpg",300,300,true],"woocommerce_single":["https:\/\/kanvas.duckdns.org\/wp-content\/uploads\/2026\/05\/pexels-photo-11773870-11773870-scaled.jpg",600,400,false],"woocommerce_gallery_thumbnail":["https:\/\/kanvas.duckdns.org\/wp-content\/uploads\/2026\/05\/pexels-photo-11773870-11773870-scaled-100x100.jpg",100,100,true]},"uagb_author_info":{"display_name":"dafcavservicios","author_link":"https:\/\/kanvas.duckdns.org\/index.php\/author\/"},"uagb_comment_info":0,"uagb_excerpt":"\ud83c\udfa7 \u00a1Sum\u00e9rgete en tu m\u00fasica! Aud\u00edfonos de cable con almohadillas suaves para un aislamiento perfecto y bajos potentes. \ud83c\udfb5 Calidad sin interrupciones. \u00a1Pide los tuyos! \u2728","_links":{"self":[{"href":"https:\/\/kanvas.duckdns.org\/index.php\/wp-json\/wp\/v2\/product\/35","targetHints":{"allow":["GET"]}}],"collection":[{"href":"https:\/\/kanvas.duckdns.org\/index.php\/wp-json\/wp\/v2\/product"}],"about":[{"href":"https:\/\/kanvas.duckdns.org\/index.php\/wp-json\/wp\/v2\/types\/product"}],"replies":[{"embeddable":true,"href":"https:\/\/kanvas.duckdns.org\/index.php\/wp-json\/wp\/v2\/comments?post=35"}],"wp:featuredmedia":[{"embeddable":true,"href":"https:\/\/kanvas.duckdns.org\/index.php\/wp-json\/wp\/v2\/media\/36"}],"wp:attachment":[{"href":"https:\/\/kanvas.duckdns.org\/index.php\/wp-json\/wp\/v2\/media?parent=35"}],"wp:term":[{"taxonomy":"product_brand","embeddable":true,"href":"https:\/\/kanvas.duckdns.org\/index.php\/wp-json\/wp\/v2\/product_brand?post=35"},{"taxonomy":"product_cat","embeddable":true,"href":"https:\/\/kanvas.duckdns.org\/index.php\/wp-json\/wp\/v2\/product_cat?post=35"},{"taxonomy":"product_tag","embeddable":true,"href":"https:\/\/kanvas.duckdns.org\/index.php\/wp-json\/wp\/v2\/product_tag?post=35"}],"curies":[{"name":"wp","href":"https:\/\/api.w.org\/{rel}","templated":true}]}}